{"id":9917,"date":"2024-11-22T11:53:37","date_gmt":"2024-11-22T16:53:37","guid":{"rendered":"https:\/\/learnmasonry.ca\/product\/emdc-2025-montreal-francais-uniquement\/"},"modified":"2025-01-17T10:37:53","modified_gmt":"2025-01-17T15:37:53","slug":"emdc-2025-montreal-francais-uniquement","status":"publish","type":"product","link":"https:\/\/learnmasonry.ca\/fr\/produit\/emdc-2025-montreal-francais-uniquement\/","title":{"rendered":"EMDC 2025 &#8211; Montr\u00e9al (fran\u00e7ais uniquement)"},"content":{"rendered":"<p>En achetant ce produit, vous r\u00e9servez votre place pour la prochaine \u00e9dition du cours sur le c<strong><em>alcul d&#8217;ing\u00e9nierie en ma\u00e7onnerie (EMDC) <\/em><\/strong>qui se tiendra \u00e0 <em><strong>Montr\u00e9al<\/strong><\/em>. <a href=\"https:\/\/learnmasonry.ca\/montreal-2025\/\" target=\"_blank\" rel=\"noopener noreferrer\">Pour plus de d\u00e9tails sur le cours, y compris les dates, le lieu et le prix, cliquez ici.<\/a><\/p>\n<h2>Veuillez noter que l&#8217;offre 2025 Montr\u00e9al est <strong><span style=\"text-decoration: underline;\"><em>en fran\u00e7ais uniquement<\/em><\/span><\/strong><\/h2>\n<h3>Dates en pr\u00e9sentiel :<\/h3>\n<p>Il est important que vous puissiez assister aux quatre s\u00e9ances en pr\u00e9sentiel pr\u00e9vues le 23 janvier, les 6 et 27 f\u00e9vrier et le 13 mars. <a href=\"https:\/\/learnmasonry.ca\/montreal-2025\/\">Cliquez ici pour le programme complet.<\/a><\/p>\n<p><strong>Note : <\/strong>il n&#8217;y a que<strong> 20 places disponibles au total. <\/strong>Les stocks indiqu\u00e9s refl\u00e8tent le nombre de places restantes qui sont disponibles. <strong><br \/>\n<\/strong><\/p>\n<h3>Comment s&#8217;inscrire<\/h3>\n<p>Pour vous inscrire et r\u00e9server votre place, ajoutez ce produit,<em>&#8220;EMDC 2025 (Montr\u00e9al)&#8221;<\/em>, \u00e0 votre panier d&#8217;achat, puis s\u00e9lectionnez <em>Passer \u00e0 la caisse.<\/em> <strong>Vous devez acheter en utilisant l&#8217;adresse \u00e9lectronique que vous souhaitez utiliser pour la correspondance en lien avec cours.<\/strong> L&#8217;inscription est confirm\u00e9e \u00e0 la fin de la commande. Pour ne pas manquer cette occasion, veuillez vous inscrire d\u00e8s que possible.<\/p>\n<p><span class=\"ui-provider a b c d e f g h i j k l m n o p q r s t u v w x y z ab ac ae af ag ah ai aj ak\" dir=\"ltr\">\u00cates-vous bas\u00e9 dans la r\u00e9gion du Canada atlantique ? Nous avons un cours \u00e0 proximit\u00e9 pour vous. <a href=\"https:\/\/learnmasonry.ca\/product\/emdc-2025-halifax\/\">Cliquez ici pour vous inscrire et vous joindre \u00e0 nous !<\/a><\/span><\/p>\n<h2>Des questions sur comment s&#8217;inscrire ?<\/h2>\n<p><a href=\"https:\/\/learnmasonry.ca\/tutorial-how-to-sign-up-and-pay-for-a-course\/\" target=\"_blank\" rel=\"noopener noreferrer\">Pour obtenir un bref tutoriel \u00e9tape par \u00e9tape sur comment s&#8217;inscrire et payer pour ce cours, veuillez cliquer ici.<\/a><\/p>\n<p><strong>Chaque participant doit s&#8217;inscrire en pla\u00e7ant une commande individuelle s\u00e9par\u00e9e<\/strong>. Cela permet de s&#8217;assurer que chacun dispose de son propre compte en ligne pour se connecter et acc\u00e9der \u00e0 la page du cours qui est utilis\u00e9e pour recevoir les annonces, les mises \u00e0 jour, t\u00e9l\u00e9charger le mat\u00e9riel du cours et compl\u00e9ter les le\u00e7ons en ligne. <a href=\"https:\/\/learnmasonry.ca\/contact\/\" target=\"_blank\" rel=\"noopener noreferrer\">Cliquez ici pour obtenir des informations de contact<\/a>.<\/p>\n","protected":false},"excerpt":{"rendered":"<p>Cours d&#8217;ing\u00e9nierie en fran\u00e7aise couvrant tous les aspects de la ma\u00e7onnerie<\/p>\n","protected":false},"featured_media":9925,"comment_status":"open","ping_status":"closed","template":"","meta":[],"product_brand":[],"product_cat":[180],"product_tag":[191,192,193,194],"class_list":{"0":"post-9917","1":"product","2":"type-product","3":"status-publish","4":"has-post-thumbnail","6":"product_cat-cours-dingenierie","7":"product_tag-formation-continue-fr","8":"product_tag-ingenierie-fr","9":"product_tag-pratique-fr","10":"product_tag-technique-fr","12":"first","13":"outofstock","14":"sale","15":"taxable","16":"shipping-taxable","17":"purchasable","18":"product-type-simple"},"jetpack_sharing_enabled":true,"_links":{"self":[{"href":"https:\/\/learnmasonry.ca\/fr\/wp-json\/wp\/v2\/product\/9917","targetHints":{"allow":["GET"]}}],"collection":[{"href":"https:\/\/learnmasonry.ca\/fr\/wp-json\/wp\/v2\/product"}],"about":[{"href":"https:\/\/learnmasonry.ca\/fr\/wp-json\/wp\/v2\/types\/product"}],"replies":[{"embeddable":true,"href":"https:\/\/learnmasonry.ca\/fr\/wp-json\/wp\/v2\/comments?post=9917"}],"wp:featuredmedia":[{"embeddable":true,"href":"https:\/\/learnmasonry.ca\/fr\/wp-json\/wp\/v2\/media\/9925"}],"wp:attachment":[{"href":"https:\/\/learnmasonry.ca\/fr\/wp-json\/wp\/v2\/media?parent=9917"}],"wp:term":[{"taxonomy":"product_brand","embeddable":true,"href":"https:\/\/learnmasonry.ca\/fr\/wp-json\/wp\/v2\/product_brand?post=9917"},{"taxonomy":"product_cat","embeddable":true,"href":"https:\/\/learnmasonry.ca\/fr\/wp-json\/wp\/v2\/product_cat?post=9917"},{"taxonomy":"product_tag","embeddable":true,"href":"https:\/\/learnmasonry.ca\/fr\/wp-json\/wp\/v2\/product_tag?post=9917"}],"curies":[{"name":"wp","href":"https:\/\/api.w.org\/{rel}","templated":true}]}}