{"id":10196,"date":"2017-11-20T15:11:18","date_gmt":"2017-11-20T20:11:18","guid":{"rendered":"https:\/\/learnmasonry.ca\/cours\/"},"modified":"2025-01-14T11:41:34","modified_gmt":"2025-01-14T16:41:34","slug":"cours","status":"publish","type":"page","link":"https:\/\/learnmasonry.ca\/fr\/cours\/","title":{"rendered":"Cours"},"content":{"rendered":"[vc_row type=&#8221;full_width_background&#8221; full_screen_row_position=&#8221;middle&#8221; bg_image=&#8221;7462&#8243; bg_position=&#8221;left top&#8221; bg_repeat=&#8221;no-repeat&#8221; bg_color=&#8221;#3a3a3a&#8221; scene_position=&#8221;center&#8221; text_color=&#8221;dark&#8221; text_align=&#8221;left&#8221; top_padding=&#8221;100&#8243; bottom_padding=&#8221;100&#8243; enable_gradient=&#8221;true&#8221; color_overlay=&#8221;#020000&#8243; color_overlay_2=&#8221;rgba(0,0,0,0.6)&#8221; gradient_direction=&#8221;left_t_to_right_b&#8221; overlay_strength=&#8221;0.8&#8243; shape_divider_position=&#8221;bottom&#8221; shape_type=&#8221;&#8221;][vc_column column_padding=&#8221;no-extra-padding&#8221; column_padding_position=&#8221;all&#8221; background_color_opacity=&#8221;1&#8243; background_hover_color_opacity=&#8221;1&#8243; column_shadow=&#8221;none&#8221; column_border_radius=&#8221;none&#8221; width=&#8221;1\/3&#8243; tablet_text_alignment=&#8221;default&#8221; phone_text_alignment=&#8221;default&#8221; column_border_width=&#8221;none&#8221; column_border_style=&#8221;solid&#8221;][divider line_type=&#8221;No Line&#8221; custom_height=&#8221;70&#8243;][vc_custom_heading text=&#8221;Commencez \u00e0 apprendre d\u00e8s aujourd&apos;hui :&#8221; font_container=&#8221;tag:h2|font_size:34|text_align:center|color:%23e8e8e8|line_height:1&#8243; google_fonts=&#8221;font_family:Raleway%3A100%2C200%2C300%2Cregular%2C500%2C600%2C700%2C800%2C900|font_style:300%20light%20regular%3A300%3Anormal&#8221; css_animation=&#8221;fadeIn&#8221;][divider line_type=&#8221;No Line&#8221; custom_height=&#8221;25&#8243;][vc_column_text css=&#8221;.vc_custom_1547047212820{margin-right: 0px !important;margin-left: 0px !important;padding-right: 0px !important;padding-left: 0px !important;}&#8221;]\n<p style=\"text-align: center;\"><span style=\"color: #ededed;\">Cliquez sur l&#8217;un des cours r\u00e9pertori\u00e9s pour acc\u00e9der \u00e0 la page de la boutique o\u00f9 vous pourrez l&#8217;ajouter \u00e0 votre panier et passer \u00e0 la caisse. Si vous avez des questions sur la mani\u00e8re de vous inscrire \u00e0 un cours, veuillez cliquer ici pour plus d&#8217;informations.<br \/>\n<\/span><\/p>\n[\/vc_column_text][divider line_type=&#8221;No Line&#8221; custom_height=&#8221;20&#8243;][vc_custom_heading text=&#8221;Vous souhaitez raffiner votre liste ?&#8221; font_container=&#8221;tag:h4|font_size:28|text_align:center|color:%23e3e8fc&#8221; google_fonts=&#8221;font_family:Raleway%3A100%2C200%2C300%2Cregular%2C500%2C600%2C700%2C800%2C900|font_style:300%20light%20regular%3A300%3Anormal&#8221; css=&#8221;.vc_custom_1547066143738{margin-top: 100px !important;margin-bottom: 50px !important;}&#8221;][vc_column_text]\n<p style=\"text-align: center;\"><span style=\"color: #d1d1e0;\"><a style=\"color: #d1d1e0;\" href=\"https:\/\/learnmasonry.ca\/?page_id=261\">Cliquez ici pour voir les cours destin\u00e9s aux concepteurs de b\u00e2timents<\/a><\/span><\/p>\n<p style=\"text-align: center;\"><span style=\"color: #d1d1e0;\"><a style=\"color: #d1d1e0;\" href=\"https:\/\/learnmasonry.ca\/available-courses\/courses-for-contractors\/\">Cliquez ici pour voir les cours destin\u00e9s aux entrepreneurs<\/a><\/span><\/p>\n[\/vc_column_text][\/vc_column][vc_column centered_text=&#8221;true&#8221; column_padding=&#8221;padding-4-percent&#8221; column_padding_position=&#8221;all&#8221; background_color=&#8221;#ffffff&#8221; background_color_opacity=&#8221;0.8&#8243; background_color_hover=&#8221;#ededed&#8221; background_hover_color_opacity=&#8221;1&#8243; column_shadow=&#8221;none&#8221; column_border_radius=&#8221;5px&#8221; top_margin=&#8221;15&#8243; bottom_margin=&#8221;15&#8243; width=&#8221;2\/3&#8243; tablet_text_alignment=&#8221;default&#8221; phone_text_alignment=&#8221;default&#8221; column_border_width=&#8221;none&#8221;][vc_custom_heading text=&#8221;Consultez tous les cours disponibles&#8221; font_container=&#8221;tag:h2|text_align:center|color:%23020202&#8243; google_fonts=&#8221;font_family:Roboto%3A100%2C100italic%2C300%2C300italic%2Cregular%2Citalic%2C500%2C500italic%2C700%2C700italic%2C900%2C900italic|font_style:300%20light%20regular%3A300%3Anormal&#8221;][vc_column_text]Que vous soyez <a href=\"http:\/\/learnmasonry.ca\/available-courses\/courses-for-engineers\/\">ing\u00e9nieur<\/a> ou <a href=\"http:\/\/learnmasonry.ca\/available-courses\/courses-for-contractors\/\">entrepreneur<\/a>, LearnMasonry.ca offre des cours sp\u00e9cialement con\u00e7us pour vous :<\/p>\n<div class=\"woocommerce columns-2 \">\n  <ul class=\"products columns-2\" data-n-lazy=\"off\" data-rm-m-hover=\"off\" data-n-desktop-columns=\"4\" data-n-desktop-small-columns=\"3\" data-n-tablet-columns=\"default\" data-n-phone-columns=\"default\" data-product-style=\"classic\">\n\n\n\n\t<li class=\"classic product type-product post-9917 status-publish first outofstock product_cat-cours-dingenierie product_tag-formation-continue-fr product_tag-ingenierie-fr product_tag-pratique-fr product_tag-technique-fr has-post-thumbnail sale taxable shipping-taxable purchasable product-type-simple\" >\n\n\n\t\n\n\t\t\n\t<span class=\"onsale\">Promo\u00a0!<\/span>\n\t\t   <div class=\"product-wrap\">\n\t\t\t<a href=\"https:\/\/learnmasonry.ca\/fr\/produit\/emdc-2025-montreal-francais-uniquement\/\" aria-label=\"EMDC 2025 - Montr\u00e9al (fran\u00e7ais uniquement)\"><img loading=\"lazy\" decoding=\"async\" width=\"375\" height=\"400\" src=\"https:\/\/learnmasonry.ca\/wp-content\/uploads\/2024\/11\/EMDC-2025-Store-Image-Montreal-375x400.png\" class=\"attachment-woocommerce_thumbnail size-woocommerce_thumbnail\" alt=\"EMDC 2025 - Montr\u00e9al (fran\u00e7ais uniquement)\" \/><\/a>\n\t\t\t<div class=\"product-add-to-cart\" data-nectar-quickview=\"false\"><a href=\"https:\/\/learnmasonry.ca\/fr\/produit\/emdc-2025-montreal-francais-uniquement\/\" aria-describedby=\"woocommerce_loop_add_to_cart_link_describedby_9917\" data-quantity=\"1\" class=\"button product_type_simple\" data-product_id=\"9917\" data-product_sku=\"\" aria-label=\"En savoir plus sur &ldquo;EMDC 2025 - Montr\u00e9al (fran\u00e7ais uniquement)&rdquo;\" rel=\"nofollow\" data-success_message=\"\">Lire la suite<\/a>\t<span id=\"woocommerce_loop_add_to_cart_link_describedby_9917\" class=\"screen-reader-text\">\n\t\t\t<\/span>\n<\/div>\t\t   <\/div>\n\t\t\t\t\n\t  \n\n\t\t<h2 class=\"woocommerce-loop-product__title\">EMDC 2025 &#8211; Montr\u00e9al (fran\u00e7ais uniquement)<\/h2>\n\t<span class=\"price\"><del aria-hidden=\"true\"><span class=\"woocommerce-Price-amount amount\"><bdi><span class=\"woocommerce-Price-currencySymbol\">&#36;<\/span>1,750.00<\/bdi><\/span><\/del> <span class=\"screen-reader-text\">Le prix initial \u00e9tait\u00a0: &#036;1,750.00.<\/span><ins aria-hidden=\"true\"><span class=\"woocommerce-Price-amount amount\"><bdi><span class=\"woocommerce-Price-currencySymbol\">&#36;<\/span>1,250.00<\/bdi><\/span><\/ins><span class=\"screen-reader-text\">Le prix actuel est\u00a0: &#036;1,250.00.<\/span><\/span>\n\n\t\n\n\t\n<\/li>\n\t<li class=\"classic product type-product post-12282 status-publish last outofstock product_cat-engineer product_tag-continuing-education product_tag-engineering product_tag-practical product_tag-technical has-post-thumbnail sale virtual taxable purchasable product-type-simple\" >\n\n\n\t\n\n\t\t\n\t<span class=\"onsale\">Promo\u00a0!<\/span>\n\t\t   <div class=\"product-wrap\">\n\t\t\t<a href=\"https:\/\/learnmasonry.ca\/fr\/produit\/emdc-2026-mississauga\/\" aria-label=\"EMDC 2026 (Mississauga)\"><img loading=\"lazy\" decoding=\"async\" width=\"375\" height=\"400\" src=\"https:\/\/learnmasonry.ca\/wp-content\/uploads\/2025\/12\/EMDC-2026-Store-Image-Mississauga-375x400.png\" class=\"attachment-woocommerce_thumbnail size-woocommerce_thumbnail\" alt=\"EMDC 2026 (Mississauga)\" \/><\/a>\n\t\t\t<div class=\"product-add-to-cart\" data-nectar-quickview=\"false\"><a href=\"https:\/\/learnmasonry.ca\/fr\/produit\/emdc-2026-mississauga\/\" aria-describedby=\"woocommerce_loop_add_to_cart_link_describedby_12282\" data-quantity=\"1\" class=\"button product_type_simple\" data-product_id=\"12282\" data-product_sku=\"\" aria-label=\"En savoir plus sur &ldquo;EMDC 2026 (Mississauga)&rdquo;\" rel=\"nofollow\" data-success_message=\"\">Lire la suite<\/a>\t<span id=\"woocommerce_loop_add_to_cart_link_describedby_12282\" class=\"screen-reader-text\">\n\t\t\t<\/span>\n<\/div>\t\t   <\/div>\n\t\t\t\t\n\t  \n\n\t\t<h2 class=\"woocommerce-loop-product__title\">EMDC 2026 (Mississauga)<\/h2>\n\t<span class=\"price\"><del aria-hidden=\"true\"><span class=\"woocommerce-Price-amount amount\"><bdi><span class=\"woocommerce-Price-currencySymbol\">&#36;<\/span>1,750.00<\/bdi><\/span><\/del> <span class=\"screen-reader-text\">Le prix initial \u00e9tait\u00a0: &#036;1,750.00.<\/span><ins aria-hidden=\"true\"><span class=\"woocommerce-Price-amount amount\"><bdi><span class=\"woocommerce-Price-currencySymbol\">&#36;<\/span>1,250.00<\/bdi><\/span><\/ins><span class=\"screen-reader-text\">Le prix actuel est\u00a0: &#036;1,250.00.<\/span><\/span>\n\n\t\n\n\t\n<\/li>\n\t<li class=\"classic product type-product post-12300 status-publish first outofstock product_cat-engineer product_tag-continuing-education product_tag-engineering product_tag-practical product_tag-technical has-post-thumbnail sale virtual taxable purchasable product-type-simple\" >\n\n\n\t\n\n\t\t\n\t<span class=\"onsale\">Promo\u00a0!<\/span>\n\t\t   <div class=\"product-wrap\">\n\t\t\t<a href=\"https:\/\/learnmasonry.ca\/fr\/produit\/emdc-2026-vancouver\/\" aria-label=\"EMDC 2026 (Vancouver)\"><img loading=\"lazy\" decoding=\"async\" width=\"375\" height=\"400\" src=\"https:\/\/learnmasonry.ca\/wp-content\/uploads\/2025\/12\/EMDC-2026-Store-Image-Vancouver-1-375x400.png\" class=\"attachment-woocommerce_thumbnail size-woocommerce_thumbnail\" alt=\"EMDC 2026 (Vancouver)\" \/><\/a>\n\t\t\t<div class=\"product-add-to-cart\" data-nectar-quickview=\"false\"><a href=\"https:\/\/learnmasonry.ca\/fr\/produit\/emdc-2026-vancouver\/\" aria-describedby=\"woocommerce_loop_add_to_cart_link_describedby_12300\" data-quantity=\"1\" class=\"button product_type_simple\" data-product_id=\"12300\" data-product_sku=\"\" aria-label=\"En savoir plus sur &ldquo;EMDC 2026 (Vancouver)&rdquo;\" rel=\"nofollow\" data-success_message=\"\">Lire la suite<\/a>\t<span id=\"woocommerce_loop_add_to_cart_link_describedby_12300\" class=\"screen-reader-text\">\n\t\t\t<\/span>\n<\/div>\t\t   <\/div>\n\t\t\t\t\n\t  \n\n\t\t<h2 class=\"woocommerce-loop-product__title\">EMDC 2026 (Vancouver)<\/h2>\n\t<span class=\"price\"><del aria-hidden=\"true\"><span class=\"woocommerce-Price-amount amount\"><bdi><span class=\"woocommerce-Price-currencySymbol\">&#36;<\/span>1,750.00<\/bdi><\/span><\/del> <span class=\"screen-reader-text\">Le prix initial \u00e9tait\u00a0: &#036;1,750.00.<\/span><ins aria-hidden=\"true\"><span class=\"woocommerce-Price-amount amount\"><bdi><span class=\"woocommerce-Price-currencySymbol\">&#36;<\/span>1,250.00<\/bdi><\/span><\/ins><span class=\"screen-reader-text\">Le prix actuel est\u00a0: &#036;1,250.00.<\/span><\/span>\n\n\t\n\n\t\n<\/li>\n\t<li class=\"classic product type-product post-12299 status-publish last instock product_cat-engineer product_tag-continuing-education product_tag-engineering product_tag-practical product_tag-technical has-post-thumbnail sale virtual taxable purchasable product-type-simple\" >\n\n\n\t\n\n\t\t\n\t<span class=\"onsale\">Promo\u00a0!<\/span>\n\t\t   <div class=\"product-wrap\">\n\t\t\t<a href=\"https:\/\/learnmasonry.ca\/fr\/produit\/emdc-2026-winnipeg\/\" aria-label=\"EMDC 2026 (Winnipeg)\"><img loading=\"lazy\" decoding=\"async\" width=\"375\" height=\"400\" src=\"https:\/\/learnmasonry.ca\/wp-content\/uploads\/2025\/12\/EMDC-2026-Store-Image-Winnipeg-375x400.png\" class=\"attachment-woocommerce_thumbnail size-woocommerce_thumbnail\" alt=\"EMDC 2026 (Winnipeg)\" \/><\/a>\n\t\t\t<div class=\"product-add-to-cart\" data-nectar-quickview=\"false\"><a href=\"\/fr\/wp-json\/wp\/v2\/pages\/10196?add-to-cart=12299\" aria-describedby=\"woocommerce_loop_add_to_cart_link_describedby_12299\" data-quantity=\"1\" class=\"button product_type_simple add_to_cart_button ajax_add_to_cart\" data-product_id=\"12299\" data-product_sku=\"\" aria-label=\"Ajouter au panier\u00a0: &ldquo;EMDC 2026 (Winnipeg)&rdquo;\" rel=\"nofollow\" data-success_message=\"\u00ab\u00a0EMDC 2026 (Winnipeg)\u00a0\u00bb a \u00e9t\u00e9 ajout\u00e9 \u00e0 votre panier\" role=\"button\">Ajouter au panier<\/a>\t<span id=\"woocommerce_loop_add_to_cart_link_describedby_12299\" class=\"screen-reader-text\">\n\t\t\t<\/span>\n<\/div>\t\t   <\/div>\n\t\t\t\t\n\t  \n\n\t\t<h2 class=\"woocommerce-loop-product__title\">EMDC 2026 (Winnipeg)<\/h2>\n\t<span class=\"price\"><del aria-hidden=\"true\"><span class=\"woocommerce-Price-amount amount\"><bdi><span class=\"woocommerce-Price-currencySymbol\">&#36;<\/span>1,750.00<\/bdi><\/span><\/del> <span class=\"screen-reader-text\">Le prix initial \u00e9tait\u00a0: &#036;1,750.00.<\/span><ins aria-hidden=\"true\"><span class=\"woocommerce-Price-amount amount\"><bdi><span class=\"woocommerce-Price-currencySymbol\">&#36;<\/span>1,250.00<\/bdi><\/span><\/ins><span class=\"screen-reader-text\">Le prix actuel est\u00a0: &#036;1,250.00.<\/span><\/span>\n\n\t\n\n\t\n<\/li>\n\t<li class=\"classic product type-product post-6512 status-publish first instock product_cat-engineer has-post-thumbnail virtual taxable purchasable product-type-simple\" >\n\n\n\t\n\n\t\t\t   <div class=\"product-wrap\">\n\t\t\t<a href=\"https:\/\/learnmasonry.ca\/fr\/produit\/mass-online-training\/\" aria-label=\"MASS Online Training\"><img loading=\"lazy\" decoding=\"async\" width=\"375\" height=\"400\" src=\"https:\/\/learnmasonry.ca\/wp-content\/uploads\/2017\/11\/MASS-Online-Training-Shop-Featured-375x400.png\" class=\"attachment-woocommerce_thumbnail size-woocommerce_thumbnail\" alt=\"MASS Online Training\" \/><\/a>\n\t\t\t<div class=\"product-add-to-cart\" data-nectar-quickview=\"false\"><a href=\"\/fr\/wp-json\/wp\/v2\/pages\/10196?add-to-cart=6512\" aria-describedby=\"woocommerce_loop_add_to_cart_link_describedby_6512\" data-quantity=\"1\" class=\"button product_type_simple add_to_cart_button ajax_add_to_cart\" data-product_id=\"6512\" data-product_sku=\"\" aria-label=\"Ajouter au panier\u00a0: &ldquo;MASS Online Training&rdquo;\" rel=\"nofollow\" data-success_message=\"\u00ab\u00a0MASS Online Training\u00a0\u00bb a \u00e9t\u00e9 ajout\u00e9 \u00e0 votre panier\" role=\"button\">Ajouter au panier<\/a>\t<span id=\"woocommerce_loop_add_to_cart_link_describedby_6512\" class=\"screen-reader-text\">\n\t\t\t<\/span>\n<\/div>\t\t   <\/div>\n\t\t\t\t\n\t  \n\n\t\t<h2 class=\"woocommerce-loop-product__title\">MASS Online Training<\/h2>\n\t<span class=\"price\"><span class=\"woocommerce-Price-amount amount\"><bdi><span class=\"woocommerce-Price-currencySymbol\">&#36;<\/span>50.00<\/bdi><\/span><\/span>\n\n\t\n\n\t\n<\/li>\n\t<li class=\"classic product type-product post-7628 status-publish last instock product_cat-contractor product_tag-contractor product_tag-masonry-materials product_tag-mortar has-post-thumbnail virtual taxable purchasable product-type-simple\" >\n\n\n\t\n\n\t\t\t   <div class=\"product-wrap\">\n\t\t\t<a href=\"https:\/\/learnmasonry.ca\/fr\/produit\/mortar-01\/\" aria-label=\"Mortar 01\"><img loading=\"lazy\" decoding=\"async\" width=\"375\" height=\"400\" src=\"https:\/\/learnmasonry.ca\/wp-content\/uploads\/2019\/03\/Mortar-Materials-Featured-375x400.png\" class=\"attachment-woocommerce_thumbnail size-woocommerce_thumbnail\" alt=\"Mortar 01\" \/><\/a>\n\t\t\t<div class=\"product-add-to-cart\" data-nectar-quickview=\"false\"><a href=\"\/fr\/wp-json\/wp\/v2\/pages\/10196?add-to-cart=7628\" aria-describedby=\"woocommerce_loop_add_to_cart_link_describedby_7628\" data-quantity=\"1\" class=\"button product_type_simple add_to_cart_button ajax_add_to_cart\" data-product_id=\"7628\" data-product_sku=\"\" aria-label=\"Ajouter au panier\u00a0: &ldquo;Mortar 01&rdquo;\" rel=\"nofollow\" data-success_message=\"\u00ab\u00a0Mortar 01\u00a0\u00bb a \u00e9t\u00e9 ajout\u00e9 \u00e0 votre panier\" role=\"button\">Ajouter au panier<\/a>\t<span id=\"woocommerce_loop_add_to_cart_link_describedby_7628\" class=\"screen-reader-text\">\n\t\t\t<\/span>\n<\/div>\t\t   <\/div>\n\t\t\t\t\n\t  \n\n\t\t<h2 class=\"woocommerce-loop-product__title\">Mortar 01<\/h2>\n\t<span class=\"price\"><span class=\"woocommerce-Price-amount amount\"><bdi><span class=\"woocommerce-Price-currencySymbol\">&#36;<\/span>100.00<\/bdi><\/span><\/span>\n\n\t\n\n\t\n<\/li><\/ul>\n<\/div>\n<p>Pour acc\u00e9der directement au &#8220;magasin de cours&#8221; et vous inscrire, <a href=\"https:\/\/learnmasonry.ca\/shop\/\">cliquez ici.<\/a>[\/vc_column_text][\/vc_column][\/vc_row]\n","protected":false},"excerpt":{"rendered":"<p>[vc_row type=&#8221;full_width_background&#8221; full_screen_row_position=&#8221;middle&#8221; bg_image=&#8221;7462&#8243; bg_position=&#8221;left top&#8221; bg_repeat=&#8221;no-repeat&#8221; bg_color=&#8221;#3a3a3a&#8221; scene_position=&#8221;center&#8221; text_color=&#8221;dark&#8221; text_align=&#8221;left&#8221; top_padding=&#8221;100&#8243; bottom_padding=&#8221;100&#8243; enable_gradient=&#8221;true&#8221; color_overlay=&#8221;#020000&#8243; color_overlay_2=&#8221;rgba(0,0,0,0.6)&#8221; gradient_direction=&#8221;left_t_to_right_b&#8221; overlay_strength=&#8221;0.8&#8243; shape_divider_position=&#8221;bottom&#8221; shape_type=&#8221;&#8221;][vc_column column_padding=&#8221;no-extra-padding&#8221; column_padding_position=&#8221;all&#8221; background_color_opacity=&#8221;1&#8243; background_hover_color_opacity=&#8221;1&#8243; column_shadow=&#8221;none&#8221;&#8230;<\/p>\n","protected":false},"author":1,"featured_media":0,"parent":0,"menu_order":3,"comment_status":"closed","ping_status":"closed","template":"","meta":{"footnotes":""},"class_list":["post-10196","page","type-page","status-publish"],"jetpack_sharing_enabled":true,"_links":{"self":[{"href":"https:\/\/learnmasonry.ca\/fr\/wp-json\/wp\/v2\/pages\/10196","targetHints":{"allow":["GET"]}}],"collection":[{"href":"https:\/\/learnmasonry.ca\/fr\/wp-json\/wp\/v2\/pages"}],"about":[{"href":"https:\/\/learnmasonry.ca\/fr\/wp-json\/wp\/v2\/types\/page"}],"author":[{"embeddable":true,"href":"https:\/\/learnmasonry.ca\/fr\/wp-json\/wp\/v2\/users\/1"}],"replies":[{"embeddable":true,"href":"https:\/\/learnmasonry.ca\/fr\/wp-json\/wp\/v2\/comments?post=10196"}],"version-history":[{"count":2,"href":"https:\/\/learnmasonry.ca\/fr\/wp-json\/wp\/v2\/pages\/10196\/revisions"}],"predecessor-version":[{"id":10198,"href":"https:\/\/learnmasonry.ca\/fr\/wp-json\/wp\/v2\/pages\/10196\/revisions\/10198"}],"wp:attachment":[{"href":"https:\/\/learnmasonry.ca\/fr\/wp-json\/wp\/v2\/media?parent=10196"}],"curies":[{"name":"wp","href":"https:\/\/api.w.org\/{rel}","templated":true}]}}