{"id":10029,"date":"2017-11-03T19:20:51","date_gmt":"2017-11-03T23:20:51","guid":{"rendered":"https:\/\/learnmasonry.ca\/nous-rejoindre\/"},"modified":"2024-12-04T08:59:35","modified_gmt":"2024-12-04T13:59:35","slug":"nous-rejoindre","status":"publish","type":"page","link":"https:\/\/learnmasonry.ca\/fr\/nous-rejoindre\/","title":{"rendered":"Nous rejoindre"},"content":{"rendered":"[vc_row type=&#8221;full_width_background&#8221; full_screen_row_position=&#8221;middle&#8221; column_margin=&#8221;default&#8221; bg_image=&#8221;5800&#8243; bg_position=&#8221;center center&#8221; bg_repeat=&#8221;no-repeat&#8221; scene_position=&#8221;center&#8221; text_color=&#8221;dark&#8221; text_align=&#8221;left&#8221; top_padding=&#8221;14%&#8221; zindex=&#8221;100&#8243; enable_gradient=&#8221;true&#8221; color_overlay=&#8221;rgba(2,0,0,0.93)&#8221; color_overlay_2=&#8221;rgba(15,0,155,0.27)&#8221; gradient_direction=&#8221;left_t_to_right_b&#8221; overlay_strength=&#8221;0.8&#8243; shape_divider_position=&#8221;bottom&#8221; bg_image_animation=&#8221;none&#8221; shape_type=&#8221;&#8221;][vc_column column_padding=&#8221;no-extra-padding&#8221; column_padding_position=&#8221;all&#8221; background_color_opacity=&#8221;1&#8243; background_hover_color_opacity=&#8221;1&#8243; column_link_target=&#8221;_self&#8221; column_shadow=&#8221;none&#8221; column_border_radius=&#8221;none&#8221; width=&#8221;1\/6&#8243; tablet_width_inherit=&#8221;default&#8221; tablet_text_alignment=&#8221;default&#8221; phone_text_alignment=&#8221;default&#8221; overlay_strength=&#8221;0.3&#8243; column_border_width=&#8221;none&#8221; column_border_style=&#8221;solid&#8221; bg_image_animation=&#8221;none&#8221;][\/vc_column][vc_column column_padding=&#8221;no-extra-padding&#8221; column_padding_position=&#8221;all&#8221; background_color_opacity=&#8221;1&#8243; background_hover_color_opacity=&#8221;1&#8243; column_link_target=&#8221;_self&#8221; column_shadow=&#8221;none&#8221; column_border_radius=&#8221;none&#8221; width=&#8221;2\/3&#8243; tablet_width_inherit=&#8221;default&#8221; tablet_text_alignment=&#8221;default&#8221; phone_text_alignment=&#8221;default&#8221; overlay_strength=&#8221;0.3&#8243; column_border_width=&#8221;none&#8221; column_border_style=&#8221;solid&#8221; bg_image_animation=&#8221;none&#8221;][vc_row_inner column_margin=&#8221;default&#8221; bottom_padding=&#8221;7%&#8221; text_align=&#8221;left&#8221;][vc_column_inner column_padding=&#8221;no-extra-padding&#8221; column_padding_position=&#8221;all&#8221; centered_text=&#8221;true&#8221; background_color_opacity=&#8221;1&#8243; background_hover_color_opacity=&#8221;1&#8243; font_color=&#8221;#ffffff&#8221; column_shadow=&#8221;none&#8221; column_border_radius=&#8221;none&#8221; column_link_target=&#8221;_self&#8221; width=&#8221;1\/1&#8243; tablet_width_inherit=&#8221;default&#8221; overlay_strength=&#8221;0.3&#8243; column_border_width=&#8221;none&#8221; column_border_style=&#8221;solid&#8221; bg_image_animation=&#8221;none&#8221;][vc_column_text]\n<h5>Vous avez des questions ?<\/h5>\n<h2>Contactez nous<\/h2>\n[\/vc_column_text][\/vc_column_inner][\/vc_row_inner][vc_row_inner column_margin=&#8221;default&#8221; text_align=&#8221;left&#8221;][vc_column_inner column_padding=&#8221;padding-6-percent&#8221; column_padding_position=&#8221;all&#8221; background_color=&#8221;#ffffff&#8221; background_color_opacity=&#8221;1&#8243; background_hover_color_opacity=&#8221;1&#8243; column_shadow=&#8221;x_large_depth&#8221; column_border_radius=&#8221;10px&#8221; bottom_margin=&#8221;-25%&#8221; column_link_target=&#8221;_self&#8221; width=&#8221;1\/1&#8243; tablet_width_inherit=&#8221;default&#8221; overlay_strength=&#8221;0.3&#8243; column_border_width=&#8221;none&#8221; column_border_style=&#8221;solid&#8221; bg_image_animation=&#8221;none&#8221; enable_animation=&#8221;true&#8221; animation=&#8221;grow-in&#8221;][vc_column_text]\n<h5 style=\"text-align: center;\">Remplissez le formulaire ci-dessous pour contacter le support de cours du CMDC<\/h5>\n[\/vc_column_text]\n<div class=\"wpcf7 no-js\" id=\"wpcf7-f5686-o1\" lang=\"en-US\" dir=\"ltr\" data-wpcf7-id=\"5686\">\n<div class=\"screen-reader-response\"><p role=\"status\" aria-live=\"polite\" aria-atomic=\"true\"><\/p> <ul><\/ul><\/div>\n<form action=\"\/fr\/wp-json\/wp\/v2\/pages\/10029#wpcf7-f5686-o1\" method=\"post\" class=\"wpcf7-form init\" aria-label=\"Contact form\" novalidate=\"novalidate\" data-status=\"init\">\n<fieldset class=\"hidden-fields-container\"><input type=\"hidden\" name=\"_wpcf7\" value=\"5686\" \/><input type=\"hidden\" name=\"_wpcf7_version\" value=\"6.1.5\" \/><input type=\"hidden\" name=\"_wpcf7_locale\" value=\"en_US\" \/><input type=\"hidden\" name=\"_wpcf7_unit_tag\" value=\"wpcf7-f5686-o1\" \/><input type=\"hidden\" name=\"_wpcf7_container_post\" value=\"0\" \/><input type=\"hidden\" name=\"_wpcf7_posted_data_hash\" value=\"\" \/><input type=\"hidden\" name=\"_wpcf7_recaptcha_response\" value=\"\" \/>\n<\/fieldset>\n<div class=\"row\">\n\t<div class=\"col span_6\">\n\t\t<p><label for=\"your-name\">Name<\/label><br \/>\n<span class=\"wpcf7-form-control-wrap\" data-name=\"your-name\"><input size=\"40\" maxlength=\"400\" class=\"wpcf7-form-control wpcf7-text wpcf7-validates-as-required\" aria-required=\"true\" aria-invalid=\"false\" value=\"\" type=\"text\" name=\"your-name\" \/><\/span>\n\t\t<\/p>\n\t<\/div>\n\t<div class=\"col span_6\">\n\t\t<p><label for=\"your-email\">Email<\/label><br \/>\n<span class=\"wpcf7-form-control-wrap\" data-name=\"your-email\"><input size=\"40\" maxlength=\"400\" class=\"wpcf7-form-control wpcf7-email wpcf7-validates-as-required wpcf7-text wpcf7-validates-as-email\" aria-required=\"true\" aria-invalid=\"false\" value=\"\" type=\"email\" name=\"your-email\" \/><\/span>\n\t\t<\/p>\n\t<\/div>\n<\/div>\n<p><label for=\"your-message\">Message<\/label><br \/>\n<span class=\"wpcf7-form-control-wrap\" data-name=\"your-message\"><textarea cols=\"40\" rows=\"10\" maxlength=\"2000\" class=\"wpcf7-form-control wpcf7-textarea\" aria-invalid=\"false\" name=\"your-message\"><\/textarea><\/span>\n<\/p>\n<p><br \/>\n<input class=\"wpcf7-form-control wpcf7-submit has-spinner\" type=\"submit\" value=\"Send Message\" \/>\n<\/p>\n<p><span id=\"wpcf7-69e01037c9af2-wrapper\" class=\"wpcf7-form-control-wrap website-wrap\" style=\"display:none !important; visibility:hidden !important;\"><label for=\"wpcf7-69e01037c9af2-field\" class=\"hp-message\">Please leave this field empty.<\/label><input id=\"wpcf7-69e01037c9af2-field\"  class=\"wpcf7-form-control wpcf7-text\" type=\"text\" name=\"website\" value=\"\" size=\"40\" tabindex=\"-1\" autocomplete=\"new-password\" \/><\/span>\n<\/p><div class=\"wpcf7-response-output\" aria-hidden=\"true\"><\/div>\n<\/form>\n<\/div>\n[\/vc_column_inner][\/vc_row_inner][\/vc_column][vc_column column_padding=&#8221;no-extra-padding&#8221; column_padding_position=&#8221;all&#8221; background_color_opacity=&#8221;1&#8243; background_hover_color_opacity=&#8221;1&#8243; column_link_target=&#8221;_self&#8221; column_shadow=&#8221;none&#8221; column_border_radius=&#8221;none&#8221; width=&#8221;1\/6&#8243; tablet_width_inherit=&#8221;default&#8221; tablet_text_alignment=&#8221;default&#8221; phone_text_alignment=&#8221;default&#8221; overlay_strength=&#8221;0.3&#8243; column_border_width=&#8221;none&#8221; column_border_style=&#8221;solid&#8221; bg_image_animation=&#8221;none&#8221;][\/vc_column][\/vc_row][vc_row type=&#8221;full_width_content&#8221; full_screen_row_position=&#8221;middle&#8221; column_margin=&#8221;default&#8221; scene_position=&#8221;center&#8221; text_color=&#8221;dark&#8221; text_align=&#8221;left&#8221; overlay_strength=&#8221;0.3&#8243; shape_divider_position=&#8221;bottom&#8221; bg_image_animation=&#8221;none&#8221; shape_type=&#8221;&#8221;][vc_column column_padding=&#8221;no-extra-padding&#8221; column_padding_position=&#8221;all&#8221; background_color_opacity=&#8221;1&#8243; background_hover_color_opacity=&#8221;1&#8243; column_link_target=&#8221;_self&#8221; column_shadow=&#8221;none&#8221; column_border_radius=&#8221;none&#8221; width=&#8221;1\/1&#8243; tablet_width_inherit=&#8221;default&#8221; tablet_text_alignment=&#8221;default&#8221; phone_text_alignment=&#8221;default&#8221; overlay_strength=&#8221;0.3&#8243; column_border_width=&#8221;none&#8221; column_border_style=&#8221;solid&#8221; bg_image_animation=&#8221;none&#8221;][nectar_gmap map_type=&#8221;leaflet&#8221; zoom=&#8221;5&#8243; marker_style=&#8221;nectar&#8221; color=&#8221;accent-color&#8221; size=&#8221;650&#8243; map_center_lat=&#8221;51&#8243; map_center_lng=&#8221;-95.5&#8243; map_markers=&#8221;43.649523|-79.689979|Head Office 51.076648|-114.025992|Western Office 52.118735|-106.656420|Saskatchewan Office 44.668910|-63.576640|Atlantic Office 45.42110808735728|-75.69400204223446|Ottawa Office 45.503198736305414|-73.44283929661323|Quebec Office 49.283893320641916|-123.12282957421431|Vancouver Office (TBA)&#8221;][\/vc_column][\/vc_row][vc_row type=&#8221;full_width_content&#8221; full_screen_row_position=&#8221;middle&#8221; equal_height=&#8221;yes&#8221; content_placement=&#8221;middle&#8221; vertically_center_columns=&#8221;true&#8221; column_margin=&#8221;default&#8221; scene_position=&#8221;center&#8221; text_color=&#8221;dark&#8221; text_align=&#8221;left&#8221; enable_gradient=&#8221;true&#8221; color_overlay=&#8221;#020202&#8243; color_overlay_2=&#8221;#003468&#8243; gradient_direction=&#8221;left_b_to_right_t&#8221; overlay_strength=&#8221;0.95&#8243; shape_divider_position=&#8221;bottom&#8221; bg_image_animation=&#8221;none&#8221; shape_type=&#8221;&#8221;][vc_column column_padding=&#8221;no-extra-padding&#8221; column_padding_position=&#8221;all&#8221; background_color_opacity=&#8221;1&#8243; background_hover_color_opacity=&#8221;1&#8243; column_link_target=&#8221;_self&#8221; column_shadow=&#8221;none&#8221; column_border_radius=&#8221;none&#8221; width=&#8221;1\/1&#8243; tablet_width_inherit=&#8221;default&#8221; tablet_text_alignment=&#8221;default&#8221; phone_text_alignment=&#8221;default&#8221; overlay_strength=&#8221;0.3&#8243; column_border_width=&#8221;none&#8221; column_border_style=&#8221;solid&#8221; bg_image_animation=&#8221;none&#8221;][vc_row_inner column_margin=&#8221;default&#8221; text_align=&#8221;left&#8221;][vc_column_inner column_padding=&#8221;no-extra-padding&#8221; column_padding_position=&#8221;all&#8221; background_color_opacity=&#8221;1&#8243; background_hover_color_opacity=&#8221;1&#8243; column_shadow=&#8221;none&#8221; column_border_radius=&#8221;none&#8221; column_link_target=&#8221;_self&#8221; width=&#8221;1\/1&#8243; tablet_width_inherit=&#8221;default&#8221; overlay_strength=&#8221;0.3&#8243; column_border_width=&#8221;none&#8221; column_border_style=&#8221;solid&#8221; bg_image_animation=&#8221;none&#8221;][vc_custom_heading text=&#8221;Le support de cours est offert par le Centre canadien de la conception en ma\u00e7onnerie partout au Canada.&#8221; font_container=&#8221;tag:h2|font_size:25|text_align:center|color:rgba(255%2C255%2C255%2C0.91)&#8221; google_fonts=&#8221;font_family:Roboto%3A100%2C100italic%2C300%2C300italic%2Cregular%2Citalic%2C500%2C500italic%2C700%2C700italic%2C900%2C900italic|font_style:100%20light%20italic%3A100%3Aitalic&#8221; css_animation=&#8221;fadeIn&#8221; css=&#8221;.vc_custom_1516148671606{margin-top: 10px !important;margin-bottom: -10px !important;}&#8221;][\/vc_column_inner][\/vc_row_inner][vc_row_inner column_margin=&#8221;default&#8221; text_align=&#8221;left&#8221; css=&#8221;.vc_custom_1516115102696{margin-top: 0px !important;}&#8221;][vc_column_inner column_padding=&#8221;padding-3-percent&#8221; column_padding_position=&#8221;all&#8221; background_color_opacity=&#8221;1&#8243; background_hover_color_opacity=&#8221;1&#8243; column_shadow=&#8221;none&#8221; column_border_radius=&#8221;none&#8221; column_link_target=&#8221;_self&#8221; width=&#8221;1\/4&#8243; tablet_width_inherit=&#8221;default&#8221; overlay_strength=&#8221;0.3&#8243; column_border_width=&#8221;none&#8221; column_border_style=&#8221;solid&#8221; bg_image_animation=&#8221;none&#8221;][vc_custom_heading text=&#8221;Si\u00e8ge social&#8221; font_container=&#8221;tag:h2|font_size:30|text_align:center|color:rgba(255%2C255%2C255%2C0.69)&#8221; google_fonts=&#8221;font_family:Roboto%3A100%2C100italic%2C300%2C300italic%2Cregular%2Citalic%2C500%2C500italic%2C700%2C700italic%2C900%2C900italic|font_style:300%20light%20regular%3A300%3Anormal&#8221; css_animation=&#8221;fadeIn&#8221; css=&#8221;.vc_custom_1547514282664{margin-bottom: 0px !important;}&#8221;][nectar_gmap map_type=&#8221;leaflet&#8221; zoom=&#8221;11&#8243; marker_style=&#8221;default&#8221; color=&#8221;accent-color&#8221; size=&#8221;350&#8243; map_center_lat=&#8221;43.649523&#8243; map_center_lng=&#8221;-79.689979&#8243; map_markers=&#8221;43.649523|-79.689979|360 Superior Blvd. Mississauga, ON&#8221;][vc_column_text css_animation=&#8221;fadeIn&#8221; css=&#8221;.vc_custom_1547154027067{margin-top: -24px !important;margin-bottom: 15px !important;padding-top: 29px !important;padding-right: 20px !important;padding-bottom: 30px !important;padding-left: 20px !important;background-color: rgba(255,255,255,0.73) !important;*background-color: rgb(255,255,255) !important;}&#8221;]\n<h6 class=\"vc_custom_heading vc_custom_1414154660296\"><span style=\"color: #000000;\">360 Superior Blvd.<\/span><\/h6>\n<h6><span style=\"color: #000000;\">Mississauga, ON L5T 2N7<\/span><\/h6>\n<h6><span style=\"color: #000000;\">Tor : 905-564-0666<\/span><\/h6>\n<h6><span style=\"color: #000000;\">Fax : 906-564-5744<\/span><\/h6>\n[\/vc_column_text][\/vc_column_inner][vc_column_inner column_padding=&#8221;padding-3-percent&#8221; column_padding_position=&#8221;all&#8221; background_color_opacity=&#8221;1&#8243; background_hover_color_opacity=&#8221;1&#8243; column_shadow=&#8221;none&#8221; column_border_radius=&#8221;none&#8221; column_link_target=&#8221;_self&#8221; width=&#8221;1\/4&#8243; tablet_width_inherit=&#8221;default&#8221; overlay_strength=&#8221;0.3&#8243; column_border_width=&#8221;none&#8221; column_border_style=&#8221;solid&#8221; bg_image_animation=&#8221;none&#8221;][vc_custom_heading text=&#8221;Bureau de l&apos;Ouest&#8221; font_container=&#8221;tag:h2|font_size:30|text_align:center|color:rgba(255%2C255%2C255%2C0.69)&#8221; google_fonts=&#8221;font_family:Roboto%3A100%2C100italic%2C300%2C300italic%2Cregular%2Citalic%2C500%2C500italic%2C700%2C700italic%2C900%2C900italic|font_style:300%20light%20regular%3A300%3Anormal&#8221; css_animation=&#8221;fadeIn&#8221; css=&#8221;.vc_custom_1547514274521{margin-bottom: 0px !important;}&#8221;][nectar_gmap map_type=&#8221;leaflet&#8221; zoom=&#8221;12&#8243; marker_style=&#8221;default&#8221; color=&#8221;accent-color&#8221; size=&#8221;350&#8243; map_center_lat=&#8221;51.076648&#8243; map_center_lng=&#8221;-114.025992&#8243; map_markers=&#8221;51.076648|-114.025992|2725 12 St. NE, Suite 210&#8243;][vc_column_text css_animation=&#8221;fadeIn&#8221; css=&#8221;.vc_custom_1547154012062{margin-top: -24px !important;margin-bottom: 15px !important;padding-top: 29px !important;padding-right: 20px !important;padding-bottom: 30px !important;padding-left: 20px !important;background-color: rgba(255,255,255,0.73) !important;*background-color: rgb(255,255,255) !important;}&#8221;]\n<h6 class=\"vc_custom_heading vc_custom_1414160219725\">2725 &#8211; 12 Street, NE<\/h6>\n<h6 class=\"vc_custom_heading vc_custom_1414160232455\">Suite 210<\/h6>\n<h6 class=\"vc_custom_heading vc_custom_1414160249706\">Calgary, AB T2E 7J2<\/h6>\n<h6 class=\"vc_custom_heading vc_custom_1414160310434\">403-769-1979<\/h6>\n[\/vc_column_text][\/vc_column_inner][vc_column_inner column_padding=&#8221;padding-3-percent&#8221; column_padding_position=&#8221;all&#8221; background_color_opacity=&#8221;1&#8243; background_hover_color_opacity=&#8221;1&#8243; column_shadow=&#8221;none&#8221; column_border_radius=&#8221;none&#8221; column_link_target=&#8221;_self&#8221; width=&#8221;1\/4&#8243; tablet_width_inherit=&#8221;default&#8221; overlay_strength=&#8221;0.3&#8243; column_border_width=&#8221;none&#8221; column_border_style=&#8221;solid&#8221; bg_image_animation=&#8221;none&#8221;][vc_custom_heading text=&#8221;Bureau de la Saskatchewan&#8221; font_container=&#8221;tag:h2|font_size:30|text_align:center|color:rgba(255%2C255%2C255%2C0.69)&#8221; google_fonts=&#8221;font_family:Roboto%3A100%2C100italic%2C300%2C300italic%2Cregular%2Citalic%2C500%2C500italic%2C700%2C700italic%2C900%2C900italic|font_style:300%20light%20regular%3A300%3Anormal&#8221; css_animation=&#8221;fadeIn&#8221; css=&#8221;.vc_custom_1547514241369{margin-bottom: 0px !important;}&#8221;][nectar_gmap map_type=&#8221;leaflet&#8221; zoom=&#8221;13&#8243; marker_style=&#8221;default&#8221; color=&#8221;accent-color&#8221; size=&#8221;350&#8243; map_center_lat=&#8221;52.118735&#8243; map_center_lng=&#8221;-106.656420&#8243; map_markers=&#8221;52.118735|-106.656420|300 &#8211; 700 Broadway Ave.&#8221;][vc_column_text css_animation=&#8221;fadeIn&#8221; css=&#8221;.vc_custom_1547153865892{margin-top: -24px !important;margin-bottom: 15px !important;padding-top: 29px !important;padding-right: 20px !important;padding-bottom: 30px !important;padding-left: 20px !important;background-color: rgba(255,255,255,0.73) !important;*background-color: rgb(255,255,255) !important;}&#8221;]\n<h6 class=\"vc_custom_heading vc_custom_1486736572777\">701 Broadway Ave<\/h6>\n<h6>Suite 300<\/h6>\n<h6 class=\"vc_custom_heading vc_custom_1486736596659\">Saskatoon, SK S7N 1B3<\/h6>\n<h6 class=\"vc_custom_heading vc_custom_1414160442619\">306-665-0622<\/h6>\n[\/vc_column_text][\/vc_column_inner][vc_column_inner column_padding=&#8221;padding-3-percent&#8221; column_padding_position=&#8221;all&#8221; background_color_opacity=&#8221;1&#8243; background_hover_color_opacity=&#8221;1&#8243; column_shadow=&#8221;none&#8221; column_border_radius=&#8221;none&#8221; column_link_target=&#8221;_self&#8221; width=&#8221;1\/4&#8243; tablet_width_inherit=&#8221;default&#8221; overlay_strength=&#8221;0.3&#8243; column_border_width=&#8221;none&#8221; column_border_style=&#8221;solid&#8221; bg_image_animation=&#8221;none&#8221;][vc_custom_heading text=&#8221;Bureau de l&apos;Atlantique&#8221; font_container=&#8221;tag:h2|font_size:30|text_align:center|color:rgba(255%2C255%2C255%2C0.69)&#8221; google_fonts=&#8221;font_family:Roboto%3A100%2C100italic%2C300%2C300italic%2Cregular%2Citalic%2C500%2C500italic%2C700%2C700italic%2C900%2C900italic|font_style:300%20light%20regular%3A300%3Anormal&#8221; css_animation=&#8221;fadeIn&#8221; css=&#8221;.vc_custom_1547514266040{margin-bottom: 0px !important;}&#8221;][nectar_gmap map_type=&#8221;leaflet&#8221; zoom=&#8221;12&#8243; marker_style=&#8221;default&#8221; color=&#8221;accent-color&#8221; size=&#8221;350&#8243; map_center_lat=&#8221;44.668973&#8243; map_center_lng=&#8221;-63.576869&#8243; map_markers=&#8221;52.118735|-106.656420|300 &#8211; 700 Broadway Ave.&#8221;][vc_column_text css_animation=&#8221;fadeIn&#8221; css=&#8221;.vc_custom_1547153934519{margin-top: -24px !important;margin-bottom: 15px !important;padding-top: 29px !important;padding-right: 20px !important;padding-bottom: 30px !important;padding-left: 20px !important;background-color: rgba(255,255,255,0.73) !important;*background-color: rgb(255,255,255) !important;}&#8221;]\n<h6 class=\"vc_custom_heading vc_custom_1486736572777\">99 Wyse Road<\/h6>\n<h6>Bureau 1117<\/h6>\n<h6 class=\"vc_custom_heading vc_custom_1486736596659\">Dartmouth, NS B3A 4S5<\/h6>\n<h6 class=\"vc_custom_heading vc_custom_1414160442619\">902-418-5065<\/h6>\n[\/vc_column_text][\/vc_column_inner][\/vc_row_inner][vc_column_text]\n<h3 style=\"text-align: center;\"><span style=\"color: #99ccff;\">\u00c9galement pr\u00e9sent\u00e9 : Bureau d&#8217;Ottawa, Bureau du Qu\u00e9bec (Montr\u00e9al), et Bureau de Vancouver \u00e0 annoncer<\/span><\/h3>\n[\/vc_column_text][vc_column_text css_animation=&#8221;fadeIn&#8221; css=&#8221;.vc_custom_1553096393765{margin-right: 5px !important;}&#8221;]\n<p style=\"text-align: right;\"><span style=\"color: #999999;\"><a style=\"color: #999999;\" href=\"http:\/\/canadamasonrydesigncentre.com\" target=\"_blank\" rel=\"noopener noreferrer\">Cliquez ici pour plus d&#8217;informations sur le Centre canadien de la conception en ma\u00e7onnerie<\/a><\/span><\/p>\n[\/vc_column_text][\/vc_column][\/vc_row]\n","protected":false},"excerpt":{"rendered":"<p>[vc_row type=&#8221;full_width_background&#8221; full_screen_row_position=&#8221;middle&#8221; column_margin=&#8221;default&#8221; bg_image=&#8221;5800&#8243; bg_position=&#8221;center center&#8221; bg_repeat=&#8221;no-repeat&#8221; scene_position=&#8221;center&#8221; text_color=&#8221;dark&#8221; text_align=&#8221;left&#8221; top_padding=&#8221;14%&#8221; zindex=&#8221;100&#8243; enable_gradient=&#8221;true&#8221; color_overlay=&#8221;rgba(2,0,0,0.93)&#8221; color_overlay_2=&#8221;rgba(15,0,155,0.27)&#8221; gradient_direction=&#8221;left_t_to_right_b&#8221; overlay_strength=&#8221;0.8&#8243; shape_divider_position=&#8221;bottom&#8221; bg_image_animation=&#8221;none&#8221; shape_type=&#8221;&#8221;][vc_column column_padding=&#8221;no-extra-padding&#8221; column_padding_position=&#8221;all&#8221; background_color_opacity=&#8221;1&#8243; background_hover_color_opacity=&#8221;1&#8243;&#8230;<\/p>\n","protected":false},"author":1,"featured_media":0,"parent":0,"menu_order":6,"comment_status":"closed","ping_status":"closed","template":"","meta":{"footnotes":""},"class_list":["post-10029","page","type-page","status-publish"],"jetpack_sharing_enabled":true,"_links":{"self":[{"href":"https:\/\/learnmasonry.ca\/fr\/wp-json\/wp\/v2\/pages\/10029","targetHints":{"allow":["GET"]}}],"collection":[{"href":"https:\/\/learnmasonry.ca\/fr\/wp-json\/wp\/v2\/pages"}],"about":[{"href":"https:\/\/learnmasonry.ca\/fr\/wp-json\/wp\/v2\/types\/page"}],"author":[{"embeddable":true,"href":"https:\/\/learnmasonry.ca\/fr\/wp-json\/wp\/v2\/users\/1"}],"replies":[{"embeddable":true,"href":"https:\/\/learnmasonry.ca\/fr\/wp-json\/wp\/v2\/comments?post=10029"}],"version-history":[{"count":2,"href":"https:\/\/learnmasonry.ca\/fr\/wp-json\/wp\/v2\/pages\/10029\/revisions"}],"predecessor-version":[{"id":10031,"href":"https:\/\/learnmasonry.ca\/fr\/wp-json\/wp\/v2\/pages\/10029\/revisions\/10031"}],"wp:attachment":[{"href":"https:\/\/learnmasonry.ca\/fr\/wp-json\/wp\/v2\/media?parent=10029"}],"curies":[{"name":"wp","href":"https:\/\/api.w.org\/{rel}","templated":true}]}}